{"id":916,"date":"2019-03-20T14:52:40","date_gmt":"2019-03-20T14:52:40","guid":{"rendered":"https:\/\/mages.edu.sg\/courses\/?page_id=916"},"modified":"2019-07-23T07:51:16","modified_gmt":"2019-07-23T07:51:16","slug":"vi","status":"publish","type":"page","link":"https:\/\/mages.edu.sg\/courses\/vi","title":{"rendered":"Landing Vietnam"},"content":{"rendered":"","protected":false},"excerpt":{"rendered":"","protected":false},"author":1,"featured_media":0,"parent":0,"menu_order":0,"comment_status":"closed","ping_status":"closed","template":"page-templates\/landing-vietnam-new.php","meta":{"inline_featured_image":false},"yoast_head":"<!-- This site is optimized with the Yoast SEO plugin v20.1 - https:\/\/yoast.com\/wordpress\/plugins\/seo\/ -->\n<title>Kh\u00f3a h\u1ecdc L\u1eadp Tr\u00ecnh Game(Ch\u1ee9ng Ch\u1ec9) | Kh\u00f3a h\u1ecdc Thi\u1ebft K\u1ebf Game(Ch\u1ee9ng Ch\u1ec9)<\/title>\n<meta name=\"description\" content=\"H\u1ecdc Thi\u1ebft k\u1ebf Game, Thi\u1ebft k\u1ebf \u0111\u1ed3 h\u1ecda chuy\u1ec3n \u0111\u1ed9ng, C\u00f4ng ngh\u1ec7 Th\u1ef1c t\u1ebf \u1ea3o t\u1eeb \u0111\u1ed9i ng\u0169 chuy\u00ean gia trong ng\u00e0nh t\u1ea1i MAGES.\" \/>\n<meta name=\"robots\" content=\"index, follow, max-snippet:-1, max-image-preview:large, max-video-preview:-1\" \/>\n<link rel=\"canonical\" href=\"https:\/\/mages.edu.sg\/courses\/vi\" \/>\n<meta property=\"og:locale\" content=\"en_US\" \/>\n<meta property=\"og:type\" content=\"article\" \/>\n<meta property=\"og:title\" content=\"Kh\u00f3a h\u1ecdc L\u1eadp Tr\u00ecnh Game(Ch\u1ee9ng Ch\u1ec9) | Kh\u00f3a h\u1ecdc Thi\u1ebft K\u1ebf Game(Ch\u1ee9ng Ch\u1ec9)\" \/>\n<meta property=\"og:description\" content=\"H\u1ecdc Thi\u1ebft k\u1ebf Game, Thi\u1ebft k\u1ebf \u0111\u1ed3 h\u1ecda chuy\u1ec3n \u0111\u1ed9ng, C\u00f4ng ngh\u1ec7 Th\u1ef1c t\u1ebf \u1ea3o t\u1eeb \u0111\u1ed9i ng\u0169 chuy\u00ean gia trong ng\u00e0nh t\u1ea1i MAGES.\" \/>\n<meta property=\"og:url\" content=\"https:\/\/mages.edu.sg\/courses\/vi\" \/>\n<meta property=\"og:site_name\" content=\"mages Courses\" \/>\n<meta property=\"article:modified_time\" content=\"2019-07-23T07:51:16+00:00\" \/>\n<meta name=\"twitter:card\" content=\"summary_large_image\" \/>\n<script type=\"application\/ld+json\" class=\"yoast-schema-graph\">{\"@context\":\"https:\/\/schema.org\",\"@graph\":[{\"@type\":\"WebPage\",\"@id\":\"https:\/\/mages.edu.sg\/courses\/vi\",\"url\":\"https:\/\/mages.edu.sg\/courses\/vi\",\"name\":\"Kh\u00f3a h\u1ecdc L\u1eadp Tr\u00ecnh Game(Ch\u1ee9ng Ch\u1ec9) | Kh\u00f3a h\u1ecdc Thi\u1ebft K\u1ebf Game(Ch\u1ee9ng Ch\u1ec9)\",\"isPartOf\":{\"@id\":\"https:\/\/mages.edu.sg\/courses\/#website\"},\"datePublished\":\"2019-03-20T14:52:40+00:00\",\"dateModified\":\"2019-07-23T07:51:16+00:00\",\"description\":\"H\u1ecdc Thi\u1ebft k\u1ebf Game, Thi\u1ebft k\u1ebf \u0111\u1ed3 h\u1ecda chuy\u1ec3n \u0111\u1ed9ng, C\u00f4ng ngh\u1ec7 Th\u1ef1c t\u1ebf \u1ea3o t\u1eeb \u0111\u1ed9i ng\u0169 chuy\u00ean gia trong ng\u00e0nh t\u1ea1i MAGES.\",\"breadcrumb\":{\"@id\":\"https:\/\/mages.edu.sg\/courses\/vi#breadcrumb\"},\"inLanguage\":\"en-US\",\"potentialAction\":[{\"@type\":\"ReadAction\",\"target\":[\"https:\/\/mages.edu.sg\/courses\/vi\"]}]},{\"@type\":\"BreadcrumbList\",\"@id\":\"https:\/\/mages.edu.sg\/courses\/vi#breadcrumb\",\"itemListElement\":[{\"@type\":\"ListItem\",\"position\":1,\"name\":\"Home\",\"item\":\"https:\/\/mages.edu.sg\/courses\"},{\"@type\":\"ListItem\",\"position\":2,\"name\":\"Landing Vietnam\"}]},{\"@type\":\"WebSite\",\"@id\":\"https:\/\/mages.edu.sg\/courses\/#website\",\"url\":\"https:\/\/mages.edu.sg\/courses\/\",\"name\":\"mages Courses\",\"description\":\"Just another WordPress site\",\"potentialAction\":[{\"@type\":\"SearchAction\",\"target\":{\"@type\":\"EntryPoint\",\"urlTemplate\":\"https:\/\/mages.edu.sg\/courses\/?s={search_term_string}\"},\"query-input\":\"required name=search_term_string\"}],\"inLanguage\":\"en-US\"}]}<\/script>\n<!-- \/ Yoast SEO plugin. -->","yoast_head_json":{"title":"Kh\u00f3a h\u1ecdc L\u1eadp Tr\u00ecnh Game(Ch\u1ee9ng Ch\u1ec9) | Kh\u00f3a h\u1ecdc Thi\u1ebft K\u1ebf Game(Ch\u1ee9ng Ch\u1ec9)","description":"H\u1ecdc Thi\u1ebft k\u1ebf Game, Thi\u1ebft k\u1ebf \u0111\u1ed3 h\u1ecda chuy\u1ec3n \u0111\u1ed9ng, C\u00f4ng ngh\u1ec7 Th\u1ef1c t\u1ebf \u1ea3o t\u1eeb \u0111\u1ed9i ng\u0169 chuy\u00ean gia trong ng\u00e0nh t\u1ea1i MAGES.","robots":{"index":"index","follow":"follow","max-snippet":"max-snippet:-1","max-image-preview":"max-image-preview:large","max-video-preview":"max-video-preview:-1"},"canonical":"https:\/\/mages.edu.sg\/courses\/vi","og_locale":"en_US","og_type":"article","og_title":"Kh\u00f3a h\u1ecdc L\u1eadp Tr\u00ecnh Game(Ch\u1ee9ng Ch\u1ec9) | Kh\u00f3a h\u1ecdc Thi\u1ebft K\u1ebf Game(Ch\u1ee9ng Ch\u1ec9)","og_description":"H\u1ecdc Thi\u1ebft k\u1ebf Game, Thi\u1ebft k\u1ebf \u0111\u1ed3 h\u1ecda chuy\u1ec3n \u0111\u1ed9ng, C\u00f4ng ngh\u1ec7 Th\u1ef1c t\u1ebf \u1ea3o t\u1eeb \u0111\u1ed9i ng\u0169 chuy\u00ean gia trong ng\u00e0nh t\u1ea1i MAGES.","og_url":"https:\/\/mages.edu.sg\/courses\/vi","og_site_name":"mages Courses","article_modified_time":"2019-07-23T07:51:16+00:00","twitter_card":"summary_large_image","schema":{"@context":"https:\/\/schema.org","@graph":[{"@type":"WebPage","@id":"https:\/\/mages.edu.sg\/courses\/vi","url":"https:\/\/mages.edu.sg\/courses\/vi","name":"Kh\u00f3a h\u1ecdc L\u1eadp Tr\u00ecnh Game(Ch\u1ee9ng Ch\u1ec9) | Kh\u00f3a h\u1ecdc Thi\u1ebft K\u1ebf Game(Ch\u1ee9ng Ch\u1ec9)","isPartOf":{"@id":"https:\/\/mages.edu.sg\/courses\/#website"},"datePublished":"2019-03-20T14:52:40+00:00","dateModified":"2019-07-23T07:51:16+00:00","description":"H\u1ecdc Thi\u1ebft k\u1ebf Game, Thi\u1ebft k\u1ebf \u0111\u1ed3 h\u1ecda chuy\u1ec3n \u0111\u1ed9ng, C\u00f4ng ngh\u1ec7 Th\u1ef1c t\u1ebf \u1ea3o t\u1eeb \u0111\u1ed9i ng\u0169 chuy\u00ean gia trong ng\u00e0nh t\u1ea1i MAGES.","breadcrumb":{"@id":"https:\/\/mages.edu.sg\/courses\/vi#breadcrumb"},"inLanguage":"en-US","potentialAction":[{"@type":"ReadAction","target":["https:\/\/mages.edu.sg\/courses\/vi"]}]},{"@type":"BreadcrumbList","@id":"https:\/\/mages.edu.sg\/courses\/vi#breadcrumb","itemListElement":[{"@type":"ListItem","position":1,"name":"Home","item":"https:\/\/mages.edu.sg\/courses"},{"@type":"ListItem","position":2,"name":"Landing Vietnam"}]},{"@type":"WebSite","@id":"https:\/\/mages.edu.sg\/courses\/#website","url":"https:\/\/mages.edu.sg\/courses\/","name":"mages Courses","description":"Just another WordPress site","potentialAction":[{"@type":"SearchAction","target":{"@type":"EntryPoint","urlTemplate":"https:\/\/mages.edu.sg\/courses\/?s={search_term_string}"},"query-input":"required name=search_term_string"}],"inLanguage":"en-US"}]}},"_links":{"self":[{"href":"https:\/\/mages.edu.sg\/courses\/wp-json\/wp\/v2\/pages\/916"}],"collection":[{"href":"https:\/\/mages.edu.sg\/courses\/wp-json\/wp\/v2\/pages"}],"about":[{"href":"https:\/\/mages.edu.sg\/courses\/wp-json\/wp\/v2\/types\/page"}],"author":[{"embeddable":true,"href":"https:\/\/mages.edu.sg\/courses\/wp-json\/wp\/v2\/users\/1"}],"replies":[{"embeddable":true,"href":"https:\/\/mages.edu.sg\/courses\/wp-json\/wp\/v2\/comments?post=916"}],"version-history":[{"count":6,"href":"https:\/\/mages.edu.sg\/courses\/wp-json\/wp\/v2\/pages\/916\/revisions"}],"predecessor-version":[{"id":1067,"href":"https:\/\/mages.edu.sg\/courses\/wp-json\/wp\/v2\/pages\/916\/revisions\/1067"}],"wp:attachment":[{"href":"https:\/\/mages.edu.sg\/courses\/wp-json\/wp\/v2\/media?parent=916"}],"curies":[{"name":"wp","href":"https:\/\/api.w.org\/{rel}","templated":true}]}}